{"id":763,"date":"2025-09-04T16:42:02","date_gmt":"2025-09-04T14:42:02","guid":{"rendered":"http:\/\/localhost:8888\/Wordpresserica\/?page_id=763"},"modified":"2026-01-02T14:29:10","modified_gmt":"2026-01-02T13:29:10","slug":"chi-sono","status":"publish","type":"page","link":"https:\/\/ericadicesarenutrizionista.com\/index.php\/chi-sono\/","title":{"rendered":"Chi sono"},"content":{"rendered":"\t\t<div data-elementor-type=\"wp-page\" data-elementor-id=\"763\" class=\"elementor elementor-763\" data-elementor-post-type=\"page\">\n\t\t\t\t<div class=\"elementor-element elementor-element-8a08096 e-flex e-con-boxed e-con e-parent\" data-id=\"8a08096\" data-element_type=\"container\" data-e-type=\"container\">\n\t\t\t\t\t<div class=\"e-con-inner\">\n\t\t\t\t\t<\/div>\n\t\t\t\t<\/div>\n\t\t<div class=\"elementor-element elementor-element-01b6132 e-con-full e-flex elementor-invisible e-con e-child\" data-id=\"01b6132\" data-element_type=\"container\" data-e-type=\"container\" data-settings=\"{&quot;background_background&quot;:&quot;classic&quot;,&quot;animation&quot;:&quot;fadeInUp&quot;}\">\n\t\t<div class=\"elementor-element elementor-element-11f4f4c e-flex e-con-boxed e-con e-child\" data-id=\"11f4f4c\" data-element_type=\"container\" data-e-type=\"container\" data-settings=\"{&quot;background_background&quot;:&quot;classic&quot;}\">\n\t\t\t\t\t<div class=\"e-con-inner\">\n\t\t\t\t<div class=\"elementor-element elementor-element-ba5ab11 elementor-widget elementor-widget-menu-anchor\" data-id=\"ba5ab11\" data-element_type=\"widget\" data-e-type=\"widget\" data-widget_type=\"menu-anchor.default\">\n\t\t\t\t\t\t\t<div class=\"elementor-menu-anchor\" id=\"tiracconto\"><\/div>\n\t\t\t\t\t\t<\/div>\n\t\t\t\t<div class=\"elementor-element elementor-element-aa70797 elementor-widget elementor-widget-heading\" data-id=\"aa70797\" data-element_type=\"widget\" data-e-type=\"widget\" data-widget_type=\"heading.default\">\n\t\t\t\t\t<h2 class=\"elementor-heading-title elementor-size-default\">Ti racconto un po' di me<\/h2>\t\t\t\t<\/div>\n\t\t\t\t<div class=\"elementor-element elementor-element-ceaf8ae elementor-widget elementor-widget-heading\" data-id=\"ceaf8ae\" data-element_type=\"widget\" data-e-type=\"widget\" data-widget_type=\"heading.default\">\n\t\t\t\t\t<h2 class=\"elementor-heading-title elementor-size-default\">Sono Erica Di Cesare e ho sempre nutrito una forte passione per la scienza, la natura e la sana alimentazione. \nDopo anni trascorsi come biologa ricercatrice, ho deciso di togliere il camice da laboratorio per dedicarmi a una delle mie pi\u00f9 grandi passioni: la Nutrizione. <br><br>\n\nL\u2019esperienza nella ricerca \u00e8 stata fondamentale per la mia crescita professionale. Mi ha permesso di acquisire competenze preziose e di sviluppare una profonda consapevolezza sull\u2019impatto che le nostre scelte alimentari hanno non solo sulla salute individuale, ma anche sull\u2019ambiente e su tutti gli esseri viventi. Oggi porto con me queste conoscenze nella mia pratica clinica, integrando gli studi scientifici pi\u00f9 aggiornati per offrire un approccio nutrizionale efficace, sostenibile e personalizzato. <br>\n<\/h2>\t\t\t\t<\/div>\n\t\t\t\t\t<\/div>\n\t\t\t\t<\/div>\n\t\t<div class=\"elementor-element elementor-element-7f91196 e-flex e-con-boxed e-con e-child\" data-id=\"7f91196\" data-element_type=\"container\" data-e-type=\"container\">\n\t\t\t\t\t<div class=\"e-con-inner\">\n\t\t\t\t<div class=\"elementor-element elementor-element-604dc33 elementor-widget elementor-widget-image\" data-id=\"604dc33\" data-element_type=\"widget\" data-e-type=\"widget\" data-widget_type=\"image.default\">\n\t\t\t\t\t\t\t\t\t\t\t\t\t\t\t<img fetchpriority=\"high\" decoding=\"async\" width=\"768\" height=\"512\" src=\"https:\/\/ericadicesarenutrizionista.com\/wp-content\/uploads\/2025\/09\/Chi-sono-1-768x512.webp\" class=\"attachment-medium_large size-medium_large wp-image-766\" alt=\"\" srcset=\"https:\/\/ericadicesarenutrizionista.com\/wp-content\/uploads\/2025\/09\/Chi-sono-1-768x512.webp 768w, https:\/\/ericadicesarenutrizionista.com\/wp-content\/uploads\/2025\/09\/Chi-sono-1-300x200.webp 300w, https:\/\/ericadicesarenutrizionista.com\/wp-content\/uploads\/2025\/09\/Chi-sono-1.webp 821w\" sizes=\"(max-width: 768px) 100vw, 768px\" \/>\t\t\t\t\t\t\t\t\t\t\t\t\t\t\t<\/div>\n\t\t\t\t\t<\/div>\n\t\t\t\t<\/div>\n\t\t\t\t<\/div>\n\t\t<div class=\"elementor-element elementor-element-a4f28bf e-flex e-con-boxed e-con e-parent\" data-id=\"a4f28bf\" data-element_type=\"container\" data-e-type=\"container\">\n\t\t\t\t\t<div class=\"e-con-inner\">\n\t\t\t\t\t<\/div>\n\t\t\t\t<\/div>\n\t\t<div class=\"elementor-element elementor-element-0a59e82 e-con-full e-flex elementor-invisible e-con e-child\" data-id=\"0a59e82\" data-element_type=\"container\" data-e-type=\"container\" data-settings=\"{&quot;background_background&quot;:&quot;classic&quot;,&quot;animation&quot;:&quot;fadeInUp&quot;}\">\n\t\t<div class=\"elementor-element elementor-element-b6c9fa9 e-flex e-con-boxed e-con e-child\" data-id=\"b6c9fa9\" data-element_type=\"container\" data-e-type=\"container\">\n\t\t\t\t\t<div class=\"e-con-inner\">\n\t\t\t\t<div class=\"elementor-element elementor-element-29704dd elementor-widget elementor-widget-image\" data-id=\"29704dd\" data-element_type=\"widget\" data-e-type=\"widget\" data-widget_type=\"image.default\">\n\t\t\t\t\t\t\t\t\t\t\t\t\t\t\t<img decoding=\"async\" width=\"768\" height=\"512\" src=\"https:\/\/ericadicesarenutrizionista.com\/wp-content\/uploads\/2025\/09\/Chi-sono-2-768x512.webp\" class=\"attachment-medium_large size-medium_large wp-image-789\" alt=\"\" srcset=\"https:\/\/ericadicesarenutrizionista.com\/wp-content\/uploads\/2025\/09\/Chi-sono-2-768x512.webp 768w, https:\/\/ericadicesarenutrizionista.com\/wp-content\/uploads\/2025\/09\/Chi-sono-2-300x200.webp 300w, https:\/\/ericadicesarenutrizionista.com\/wp-content\/uploads\/2025\/09\/Chi-sono-2.webp 821w\" sizes=\"(max-width: 768px) 100vw, 768px\" \/>\t\t\t\t\t\t\t\t\t\t\t\t\t\t\t<\/div>\n\t\t\t\t\t<\/div>\n\t\t\t\t<\/div>\n\t\t<div class=\"elementor-element elementor-element-12f3a95 e-flex e-con-boxed e-con e-child\" data-id=\"12f3a95\" data-element_type=\"container\" data-e-type=\"container\" data-settings=\"{&quot;background_background&quot;:&quot;classic&quot;}\">\n\t\t\t\t\t<div class=\"e-con-inner\">\n\t\t\t\t<div class=\"elementor-element elementor-element-72120bd elementor-widget elementor-widget-heading\" data-id=\"72120bd\" data-element_type=\"widget\" data-e-type=\"widget\" data-widget_type=\"heading.default\">\n\t\t\t\t\t<h2 class=\"elementor-heading-title elementor-size-default\">Ma la mia storia come nutrizionista inizia molto prima della mia formazione accademica. Fin da bambina ho respirato l\u2019importanza del nutrire corpo e mente. Mio padre aveva frequentato un corso di cucina macrobiotica, mentre mia madre gestiva un\u2019erboristeria, in tempi in cui la sana alimentazione non era ancora una tendenza. <br><br>\n\nQuesta base familiare ha piantato in me radici solide e ha influenzato profondamente il mio percorso, soprattutto da quando sono diventata mamma di due meravigliosi bambini. <br>\n\u00c8 stato grazie a loro che ho iniziato a riflettere sul mondo che voglio lasciare loro in dono, e su come il mio impegno possa contribuire a renderlo un posto pi\u00f9 sano, pi\u00f9 gentile, pi\u00f9 bello. <br>\nCos\u00ec ho cominciato da me: ho riscoperto il valore della cucina sana, approfondendo le evidenze scientifiche che confermano i benefici della dieta mediterranea, ricca di alimenti vegetali, per la salute e l\u2019equilibrio del corpo.\n<\/h2>\t\t\t\t<\/div>\n\t\t\t\t\t<\/div>\n\t\t\t\t<\/div>\n\t\t\t\t<\/div>\n\t\t<div class=\"elementor-element elementor-element-73a4d81 e-flex e-con-boxed e-con e-parent\" data-id=\"73a4d81\" data-element_type=\"container\" data-e-type=\"container\">\n\t\t\t\t\t<div class=\"e-con-inner\">\n\t\t\t\t\t<\/div>\n\t\t\t\t<\/div>\n\t\t<div class=\"elementor-element elementor-element-cc6795a e-con-full e-flex elementor-invisible e-con e-child\" data-id=\"cc6795a\" data-element_type=\"container\" data-e-type=\"container\" data-settings=\"{&quot;background_background&quot;:&quot;classic&quot;,&quot;animation&quot;:&quot;fadeInUp&quot;}\">\n\t\t<div class=\"elementor-element elementor-element-e4843b7 e-flex e-con-boxed e-con e-child\" data-id=\"e4843b7\" data-element_type=\"container\" data-e-type=\"container\" data-settings=\"{&quot;background_background&quot;:&quot;classic&quot;}\">\n\t\t\t\t\t<div class=\"e-con-inner\">\n\t\t\t\t<div class=\"elementor-element elementor-element-89b067b elementor-widget elementor-widget-heading\" data-id=\"89b067b\" data-element_type=\"widget\" data-e-type=\"widget\" data-widget_type=\"heading.default\">\n\t\t\t\t\t<h2 class=\"elementor-heading-title elementor-size-default\">Cucinare \u00e8 sempre stato per me un modo per rilassarmi, per staccare la mente e lasciare che fossero le mani e la fantasia a guidarmi. Il cibo mi ha sempre appassionata. La cucina del mondo, i profumi delle pietanze e le tradizioni di famiglia mi affasciano e mi rendono felice. <br><br>\n\nInoltre, grazie all\u2019esperienza maturata nell\u2019erboristeria di mia madre e al percorso in Naturopatia presso il Centro Natura di Bologna, integro nei miei percorsi anche strumenti come la fitoterapia e i principi della nutraceutica, per offrire un supporto ancora pi\u00f9 completo. <br><br>\n\nQui troverai le mie competenze, la mia esperienza e la mia passione. Spero possano aiutarti a ritrovare un\u2019alimentazione bilanciata, gustosa e, soprattutto, la tua salute.\n<\/h2>\t\t\t\t<\/div>\n\t\t\t\t\t<\/div>\n\t\t\t\t<\/div>\n\t\t<div class=\"elementor-element elementor-element-223a5a3 e-flex e-con-boxed e-con e-child\" data-id=\"223a5a3\" data-element_type=\"container\" data-e-type=\"container\">\n\t\t\t\t\t<div class=\"e-con-inner\">\n\t\t\t\t<div class=\"elementor-element elementor-element-da6e24e elementor-widget elementor-widget-image\" data-id=\"da6e24e\" data-element_type=\"widget\" data-e-type=\"widget\" data-widget_type=\"image.default\">\n\t\t\t\t\t\t\t\t\t\t\t\t\t\t\t<img decoding=\"async\" width=\"768\" height=\"512\" src=\"https:\/\/ericadicesarenutrizionista.com\/wp-content\/uploads\/2025\/09\/Chi-sono-3-768x512.webp\" class=\"attachment-medium_large size-medium_large wp-image-796\" alt=\"\" srcset=\"https:\/\/ericadicesarenutrizionista.com\/wp-content\/uploads\/2025\/09\/Chi-sono-3-768x512.webp 768w, https:\/\/ericadicesarenutrizionista.com\/wp-content\/uploads\/2025\/09\/Chi-sono-3-300x200.webp 300w, https:\/\/ericadicesarenutrizionista.com\/wp-content\/uploads\/2025\/09\/Chi-sono-3.webp 821w\" sizes=\"(max-width: 768px) 100vw, 768px\" \/>\t\t\t\t\t\t\t\t\t\t\t\t\t\t\t<\/div>\n\t\t\t\t\t<\/div>\n\t\t\t\t<\/div>\n\t\t\t\t<\/div>\n\t\t<div class=\"elementor-element elementor-element-183c7ee e-flex e-con-boxed e-con e-parent\" data-id=\"183c7ee\" data-element_type=\"container\" data-e-type=\"container\">\n\t\t\t\t\t<div class=\"e-con-inner\">\n\t\t\t\t\t<\/div>\n\t\t\t\t<\/div>\n\t\t<div class=\"elementor-element elementor-element-41f452d e-con-full e-flex elementor-invisible e-con e-child\" data-id=\"41f452d\" data-element_type=\"container\" data-e-type=\"container\" data-settings=\"{&quot;background_background&quot;:&quot;classic&quot;,&quot;animation&quot;:&quot;fadeInUp&quot;}\">\n\t\t<div class=\"elementor-element elementor-element-b357327 e-flex e-con-boxed e-con e-child\" data-id=\"b357327\" data-element_type=\"container\" data-e-type=\"container\" data-settings=\"{&quot;background_background&quot;:&quot;classic&quot;}\">\n\t\t\t\t\t<div class=\"e-con-inner\">\n\t\t\t\t<div class=\"elementor-element elementor-element-61eb1a6 elementor-widget elementor-widget-menu-anchor\" data-id=\"61eb1a6\" data-element_type=\"widget\" data-e-type=\"widget\" data-widget_type=\"menu-anchor.default\">\n\t\t\t\t\t\t\t<div class=\"elementor-menu-anchor\" id=\"studieformazione\"><\/div>\n\t\t\t\t\t\t<\/div>\n\t\t\t\t<div class=\"elementor-element elementor-element-ca29247 elementor-widget elementor-widget-heading\" data-id=\"ca29247\" data-element_type=\"widget\" data-e-type=\"widget\" data-widget_type=\"heading.default\">\n\t\t\t\t\t<h2 class=\"elementor-heading-title elementor-size-default\">Studi e formazione<\/h2>\t\t\t\t<\/div>\n\t\t\t\t<div class=\"elementor-element elementor-element-8b0d47e elementor-widget elementor-widget-heading\" data-id=\"8b0d47e\" data-element_type=\"widget\" data-e-type=\"widget\" data-widget_type=\"heading.default\">\n\t\t\t\t\t<h2 class=\"elementor-heading-title elementor-size-default\">Dopo la laurea in <b>Biologia Cellulare e Molecolare<\/b> presso l\u2019Universit\u00e0 di Bologna ho intrapreso la carriera da <b>ricercatrice<\/b> presso Consiglio Nazionale delle Ricerche (CNR) e l\u2019Universit\u00e0 La Sapienza di Roma, conseguendo il <b>Dottorato di Ricerca in Genetica e Biologia Molecolare<\/b>. Animata dalla passione per la ricerca, ho proseguito la mia carriera negli Stati Uniti, presso la <b>Stony Brook University, NY<\/b>, per ampliare le mie competenze professionali, perseguire ricerca di alta qualit\u00e0 e collaborare con \u00e9quipe multidisciplinari. Durante il mio periodo negli Stati Uniti ho condotto progetti nel campo della <b>biologia dello sviluppo e del cancro<\/b>, approfondendo i <b>meccanismi molecolari e metabolici<\/b> che trasformano una cellula sana in tumorale.<br><br>\n\nTornata in Italia, ho deciso di concentrare le mie energie sulla <b>nutrizione umana<\/b>, mossa dalla convinzione che l\u2019alimentazione giochi un ruolo chiave nella prevenzione delle malattie croniche e nel miglioramento della qualit\u00e0 della vita. <br>\nHo quindi frequentato il <b>Master di II Livello in Alimentazione ed Educazione alla Salute<\/b> presso la scuola di Medicina e Chirurgia dell'Universit\u00e0 di Bologna. <br><br>\n\nEssere mamma di due figli ha rafforzato in me l\u2019interesse per l\u2019alimentazione nelle diverse fasi della crescita. Proprio per questo ho dedicato la mia tesi del Master allo studio degli effetti della dieta mediterranea nella prevenzione e nel co-trattamento delle malattie croniche non trasmissibili, dei disturbi respiratori e comportamentali in et\u00e0 pediatrica. <br><br>\n\nNegli anni ho arricchito la mia formazione con corsi di aggiornamento su: Microbiota intestinale, Alimentazione Vegetale, Nutrizione Antinfiammatoria, Nutrizione e salute femminile. Mantengo un costante impegno nella formazione continua, partecipando regolarmente a seminari, congressi e corsi di specializzazione per garantire ai miei pazienti un approccio sempre aggiornato e basato sulle pi\u00f9 recenti evidenze scientifiche. <br><br>\nDopo aver superato <b>l'Esame di Stato per l'abilitazione alla professione di Biologo<\/b>, mi sono iscritta alla <b>Sezione A dell' Ordine Nazionale dei Biologi della Sicilia<\/b> (n\u00b0 di iscrizione Sic_A7328) https:\/\/www.fnob.it\/servizi\/elenco-iscritti\/.<br><br>\n\nAd oggi, effettuo visite di nutrizione clinica e preventiva online o in presenza presso gli studi medici di Via Ognibene 8, Menfi e Piazza Libert\u00e0 2, Sambuca di Sicilia, in modo che ogni paziente venga seguito in un percorso personalizzato ad hoc. <br><br>\n\nCollaboro con le Istituzioni scolastiche, associazioni di pazienti e con associazioni sportive, organizzando eventi e progetti sulla sana alimentazione con l\u2019obiettivo di diffondere i concetti di cultura del cibo, sostenibilit\u00e0 e consapevolezza alimentare.\n\n<\/h2>\t\t\t\t<\/div>\n\t\t\t\t\t<\/div>\n\t\t\t\t<\/div>\n\t\t<div class=\"elementor-element elementor-element-6988325 e-flex e-con-boxed e-con e-child\" data-id=\"6988325\" data-element_type=\"container\" data-e-type=\"container\">\n\t\t\t\t\t<div class=\"e-con-inner\">\n\t\t\t\t<div class=\"elementor-element elementor-element-1401e5e elementor-widget elementor-widget-image\" data-id=\"1401e5e\" data-element_type=\"widget\" data-e-type=\"widget\" data-widget_type=\"image.default\">\n\t\t\t\t\t\t\t\t\t\t\t\t\t\t\t<img loading=\"lazy\" decoding=\"async\" width=\"547\" height=\"821\" src=\"https:\/\/ericadicesarenutrizionista.com\/wp-content\/uploads\/2025\/09\/Studi-e-formazione-1.webp\" class=\"attachment-medium_large size-medium_large wp-image-806\" alt=\"\" srcset=\"https:\/\/ericadicesarenutrizionista.com\/wp-content\/uploads\/2025\/09\/Studi-e-formazione-1.webp 547w, https:\/\/ericadicesarenutrizionista.com\/wp-content\/uploads\/2025\/09\/Studi-e-formazione-1-200x300.webp 200w\" sizes=\"(max-width: 547px) 100vw, 547px\" \/>\t\t\t\t\t\t\t\t\t\t\t\t\t\t\t<\/div>\n\t\t\t\t\t<\/div>\n\t\t\t\t<\/div>\n\t\t\t\t<\/div>\n\t\t\t\t<\/div>\n\t\t","protected":false},"excerpt":{"rendered":"<p>Ti racconto un po&#8217; di me Sono Erica Di Cesare e ho sempre nutrito una forte passione per la scienza, la natura e la sana alimentazione. Dopo anni trascorsi come biologa ricercatrice, ho deciso di togliere il camice da laboratorio per dedicarmi a una delle mie pi\u00f9 grandi passioni: la Nutrizione. L\u2019esperienza nella ricerca \u00e8 [&hellip;]<\/p>\n","protected":false},"author":1,"featured_media":0,"parent":0,"menu_order":0,"comment_status":"closed","ping_status":"closed","template":"","meta":{"footnotes":""},"class_list":["post-763","page","type-page","status-publish","hentry"],"_links":{"self":[{"href":"https:\/\/ericadicesarenutrizionista.com\/index.php\/wp-json\/wp\/v2\/pages\/763","targetHints":{"allow":["GET"]}}],"collection":[{"href":"https:\/\/ericadicesarenutrizionista.com\/index.php\/wp-json\/wp\/v2\/pages"}],"about":[{"href":"https:\/\/ericadicesarenutrizionista.com\/index.php\/wp-json\/wp\/v2\/types\/page"}],"author":[{"embeddable":true,"href":"https:\/\/ericadicesarenutrizionista.com\/index.php\/wp-json\/wp\/v2\/users\/1"}],"replies":[{"embeddable":true,"href":"https:\/\/ericadicesarenutrizionista.com\/index.php\/wp-json\/wp\/v2\/comments?post=763"}],"version-history":[{"count":5,"href":"https:\/\/ericadicesarenutrizionista.com\/index.php\/wp-json\/wp\/v2\/pages\/763\/revisions"}],"predecessor-version":[{"id":1470,"href":"https:\/\/ericadicesarenutrizionista.com\/index.php\/wp-json\/wp\/v2\/pages\/763\/revisions\/1470"}],"wp:attachment":[{"href":"https:\/\/ericadicesarenutrizionista.com\/index.php\/wp-json\/wp\/v2\/media?parent=763"}],"curies":[{"name":"wp","href":"https:\/\/api.w.org\/{rel}","templated":true}]}}